{"id":4891,"date":"2021-02-03T14:19:10","date_gmt":"2021-02-03T13:19:10","guid":{"rendered":"https:\/\/lunaribes.ch\/?post_type=product&#038;p=4891"},"modified":"2025-02-20T10:57:11","modified_gmt":"2025-02-20T09:57:11","slug":"bougie-dolce-vita","status":"publish","type":"product","link":"https:\/\/lunaribes.ch\/de\/produit\/bougie-dolce-vita\/","title":{"rendered":"Bougie Dolce Vita (Fleur d&#8217;Oranger)"},"content":{"rendered":"<h4><span class=\"s1\"><b>L\u2018histoire des bougies parfum\u00e9es<\/b><\/span><\/h4>\n<p>Pendant une escapade au sud de la France, <span class=\"s2\">je visite les parfumeries de Grasse.<br \/>\n<\/span><span style=\"font-size: 1rem;\">J\u2019ai eu un grand coup de c\u0153ur en voyant toutes ces fleurs fra\u00eeches, ce savoir-faire et cette culture du parfum.<br \/>\n<\/span><span class=\"s2\">Certaines fragrances me font m\u2019\u00e9vader, r\u00eaver est imaginer des lieux fantastiques.<br \/>\n<\/span><span class=\"s2\">J\u2019esp\u00e8re que vous allez vivre une belle exp\u00e9rience avec votre bougie.<\/span><\/p>\n","protected":false},"excerpt":{"rendered":"<style>\ntable tbody td, table thead th, body table.compare-list th {border-color: white;}\ntable {margin-top:-25px !important;margin-bottom:5px !important;}\n<\/style>\n<table style=\"background-color: #ffffff !important;\">\n<tbody>\n<tr>\n<td style=\"padding: 0px 10px 0px 10px;\" align=\"center\"><img decoding=\"async\" class=\"alignnone size-medium wp-image-9465\" role=\"img\" src=\"https:\/\/lunaribes.ch\/wp-content\/uploads\/2023\/01\/icone_MecheEnCoton.svg\" alt=\"\" width=\"80\" height=\"80\" \/><\/td>\n<td style=\"padding: 0px 10px 0px 10px;\" align=\"center\"><img decoding=\"async\" class=\"alignnone size-medium wp-image-9457\" role=\"img\" src=\"https:\/\/lunaribes.ch\/wp-content\/uploads\/2023\/01\/icone_CireVegetale.svg\" alt=\"\" width=\"80\" height=\"80\" \/><\/td>\n<td style=\"padding: 0px 10px 0px 10px;\" align=\"center\"><img decoding=\"async\" class=\"alignnone size-medium wp-image-9459\" role=\"img\" src=\"https:\/\/lunaribes.ch\/wp-content\/uploads\/2023\/01\/icone_DesignSuisse.svg\" alt=\"\" width=\"80\" height=\"80\" \/><\/td>\n<td style=\"padding: 0px 10px 0px 10px;\" align=\"center\"><img loading=\"lazy\" decoding=\"async\" class=\"alignnone size-medium wp-image-9461\" role=\"img\" src=\"https:\/\/lunaribes.ch\/wp-content\/uploads\/2023\/01\/icone_FaitMain.svg\" alt=\"\" width=\"80\" height=\"80\" \/><\/td>\n<td style=\"padding: 0px 10px 0px 10px;\" align=\"center\"><img loading=\"lazy\" decoding=\"async\" class=\"alignnone size-medium wp-image-9455\" role=\"img\" src=\"https:\/\/lunaribes.ch\/wp-content\/uploads\/2023\/01\/icone_Circuitcourt.svg\" alt=\"\" width=\"80\" height=\"80\" \/><\/td>\n<\/tr>\n<tr>\n<td style=\"color: black; font-size: 0.8em; padding: 0px;\" align=\"center\">M\u00e8che en coton<\/td>\n<td style=\"color: black; font-size: 0.8em; padding: 0px;\" align=\"center\">Cire v\u00e9g\u00e9tale<\/td>\n<td style=\"color: black; font-size: 0.8em; padding: 0px;\" align=\"center\">Design suisse<\/td>\n<td style=\"color: black; font-size: 0.8em; padding: 0px;\" align=\"center\">Fait main<\/td>\n<td style=\"color: black; font-size: 0.8em; padding: 0px;\" align=\"center\">Circuit court<\/td>\n<\/tr>\n<\/tbody>\n<\/table>\n<p>&nbsp;<\/p>\n<p class=\"p1\"><span class=\"s1\">Sur ma Vespa, je longe la C\u00f4te Amalfitaine. Je me rends \u00e0 une soir\u00e9e, il fait chaud, le coucher du soleil est magnifique et les fleurs ont de superbes couleurs vives.<span class=\"Apple-converted-space\">\u00a0<\/span><\/span><span class=\"s1\">J\u2019arrive chez mes amis et on m\u2019accueille avec une couronne de fleurs d\u2019oranger. <\/span>La soir\u00e9e commence bien\u2009!<\/p>\n<p class=\"p1\">Et vous, quelles aventures allez-vous r\u00eaver en allumant cette bougie\u2009?<\/p>\n","protected":false},"featured_media":6032,"comment_status":"closed","ping_status":"closed","template":"","meta":[],"product_brand":[],"product_cat":[109],"product_tag":[],"class_list":{"0":"post-4891","1":"product","2":"type-product","3":"status-publish","4":"has-post-thumbnail","6":"product_cat-bougies","8":"first","9":"outofstock","10":"taxable","11":"shipping-taxable","12":"purchasable","13":"product-type-simple"},"_links":{"self":[{"href":"https:\/\/lunaribes.ch\/de\/wp-json\/wp\/v2\/product\/4891","targetHints":{"allow":["GET"]}}],"collection":[{"href":"https:\/\/lunaribes.ch\/de\/wp-json\/wp\/v2\/product"}],"about":[{"href":"https:\/\/lunaribes.ch\/de\/wp-json\/wp\/v2\/types\/product"}],"replies":[{"embeddable":true,"href":"https:\/\/lunaribes.ch\/de\/wp-json\/wp\/v2\/comments?post=4891"}],"wp:featuredmedia":[{"embeddable":true,"href":"https:\/\/lunaribes.ch\/de\/wp-json\/wp\/v2\/media\/6032"}],"wp:attachment":[{"href":"https:\/\/lunaribes.ch\/de\/wp-json\/wp\/v2\/media?parent=4891"}],"wp:term":[{"taxonomy":"product_brand","embeddable":true,"href":"https:\/\/lunaribes.ch\/de\/wp-json\/wp\/v2\/product_brand?post=4891"},{"taxonomy":"product_cat","embeddable":true,"href":"https:\/\/lunaribes.ch\/de\/wp-json\/wp\/v2\/product_cat?post=4891"},{"taxonomy":"product_tag","embeddable":true,"href":"https:\/\/lunaribes.ch\/de\/wp-json\/wp\/v2\/product_tag?post=4891"}],"curies":[{"name":"wp","href":"https:\/\/api.w.org\/{rel}","templated":true}]}}