{"id":4048,"date":"2020-11-24T10:50:42","date_gmt":"2020-11-24T09:50:42","guid":{"rendered":"https:\/\/lunaribes.ch\/?post_type=product&#038;p=4048"},"modified":"2024-06-24T17:12:54","modified_gmt":"2024-06-24T15:12:54","slug":"cachemire-bolivie","status":"publish","type":"product","link":"https:\/\/lunaribes.ch\/de\/produit\/cachemire-bolivie\/","title":{"rendered":"Foulard Bolivie | Cachemire"},"content":{"rendered":"","protected":false},"excerpt":{"rendered":"<p>Un foulard \u00e9l\u00e9gant et riche en couleur, avec des femmes est leurs v\u00eatements traditionnels, des motifs de v\u00eatements typiques inspir\u00e9s des broderies et du tissage.Le mot AMOR au centre car c&#8217;est \u00e7a qui nous rassemble tous. Une bordure de coeur pour les personnes qui ont un grand coeur.<br \/>\n[foulard]<\/p>\n","protected":false},"featured_media":4051,"comment_status":"closed","ping_status":"closed","template":"","meta":[],"product_brand":[],"product_cat":[82,79],"product_tag":[107],"class_list":{"0":"post-4048","1":"product","2":"type-product","3":"status-publish","4":"has-post-thumbnail","6":"product_cat-cachemire","7":"product_cat-foulards","8":"product_tag-bolivie","10":"first","11":"outofstock","12":"taxable","13":"shipping-taxable","14":"purchasable","15":"product-type-simple"},"_links":{"self":[{"href":"https:\/\/lunaribes.ch\/de\/wp-json\/wp\/v2\/product\/4048","targetHints":{"allow":["GET"]}}],"collection":[{"href":"https:\/\/lunaribes.ch\/de\/wp-json\/wp\/v2\/product"}],"about":[{"href":"https:\/\/lunaribes.ch\/de\/wp-json\/wp\/v2\/types\/product"}],"replies":[{"embeddable":true,"href":"https:\/\/lunaribes.ch\/de\/wp-json\/wp\/v2\/comments?post=4048"}],"wp:featuredmedia":[{"embeddable":true,"href":"https:\/\/lunaribes.ch\/de\/wp-json\/wp\/v2\/media\/4051"}],"wp:attachment":[{"href":"https:\/\/lunaribes.ch\/de\/wp-json\/wp\/v2\/media?parent=4048"}],"wp:term":[{"taxonomy":"product_brand","embeddable":true,"href":"https:\/\/lunaribes.ch\/de\/wp-json\/wp\/v2\/product_brand?post=4048"},{"taxonomy":"product_cat","embeddable":true,"href":"https:\/\/lunaribes.ch\/de\/wp-json\/wp\/v2\/product_cat?post=4048"},{"taxonomy":"product_tag","embeddable":true,"href":"https:\/\/lunaribes.ch\/de\/wp-json\/wp\/v2\/product_tag?post=4048"}],"curies":[{"name":"wp","href":"https:\/\/api.w.org\/{rel}","templated":true}]}}