{"id":3747,"date":"2020-10-28T12:29:27","date_gmt":"2020-10-28T11:29:27","guid":{"rendered":"https:\/\/lunaribes.ch\/product\/import-placeholder-for-1738\/"},"modified":"2025-12-11T17:03:12","modified_gmt":"2025-12-11T16:03:12","slug":"voile-paris","status":"publish","type":"product","link":"https:\/\/lunaribes.ch\/de\/produit\/voile-paris\/","title":{"rendered":"Foulard Paris | Voile de soie"},"content":{"rendered":"","protected":false},"excerpt":{"rendered":"<p>Voir la vie en rose, sous un lampadaire d\u2019\u00e9poque. Longer les avenues qui bordent mon \u00e9charpe, embrasser la vie, se laisser emporter par la l\u00e9g\u00e8ret\u00e9 de l\u2019air et le tourbillon de la Tour Eiffel. Une multitude de l\u00e8vre en d\u00e9grad\u00e9s de roses et de rouges qui vous envelopperont de douceur. Cette \u00e9charpe vous donnera bonne mine, m\u00eame sans maquillage. Paris \u00e9ternel!<br \/>\n[foulard]<\/p>\n","protected":false},"featured_media":3794,"comment_status":"closed","ping_status":"closed","template":"","meta":[],"product_brand":[],"product_cat":[79,102],"product_tag":[],"class_list":{"0":"post-3747","1":"product","2":"type-product","3":"status-publish","4":"has-post-thumbnail","6":"product_cat-foulards","7":"product_cat-voile-de-soie","9":"first","10":"outofstock","11":"taxable","12":"shipping-taxable","13":"purchasable","14":"product-type-simple"},"_links":{"self":[{"href":"https:\/\/lunaribes.ch\/de\/wp-json\/wp\/v2\/product\/3747","targetHints":{"allow":["GET"]}}],"collection":[{"href":"https:\/\/lunaribes.ch\/de\/wp-json\/wp\/v2\/product"}],"about":[{"href":"https:\/\/lunaribes.ch\/de\/wp-json\/wp\/v2\/types\/product"}],"replies":[{"embeddable":true,"href":"https:\/\/lunaribes.ch\/de\/wp-json\/wp\/v2\/comments?post=3747"}],"wp:featuredmedia":[{"embeddable":true,"href":"https:\/\/lunaribes.ch\/de\/wp-json\/wp\/v2\/media\/3794"}],"wp:attachment":[{"href":"https:\/\/lunaribes.ch\/de\/wp-json\/wp\/v2\/media?parent=3747"}],"wp:term":[{"taxonomy":"product_brand","embeddable":true,"href":"https:\/\/lunaribes.ch\/de\/wp-json\/wp\/v2\/product_brand?post=3747"},{"taxonomy":"product_cat","embeddable":true,"href":"https:\/\/lunaribes.ch\/de\/wp-json\/wp\/v2\/product_cat?post=3747"},{"taxonomy":"product_tag","embeddable":true,"href":"https:\/\/lunaribes.ch\/de\/wp-json\/wp\/v2\/product_tag?post=3747"}],"curies":[{"name":"wp","href":"https:\/\/api.w.org\/{rel}","templated":true}]}}