{"id":3743,"date":"2020-10-28T12:29:27","date_gmt":"2020-10-28T11:29:27","guid":{"rendered":"https:\/\/lunaribes.ch\/product\/import-placeholder-for-1669\/"},"modified":"2026-01-21T14:48:15","modified_gmt":"2026-01-21T13:48:15","slug":"voile-hollande","status":"publish","type":"product","link":"https:\/\/lunaribes.ch\/de\/produit\/voile-hollande\/","title":{"rendered":"Foulard Hollande | Voile de soie"},"content":{"rendered":"","protected":false},"excerpt":{"rendered":"<p>Le bleu du ciel, le bleu de la mer, le bleu de tes yeux. Cette \u00e9charpe vous emballera comme une brise, un vent l\u00e9ger qui fait tourner les moulins. L\u2019eau nous entoure, nous enveloppe . Elle est partout pr\u00e9sente . Elle est en ville, elle se refl\u00e8te contre les parois des maisons, suit les canaux et arrose les tulipes . Les v\u00e9los sont partout , \u00e9colos et rapides, sans bruit, comme un souffle. La tradition des sabots et les bleus de la porcelaine de Delft.<\/p>\n<p>Les techniques utilis\u00e9es sont le dessin et la peinture.<br \/>\n[foulard]<\/p>\n","protected":false},"featured_media":3785,"comment_status":"closed","ping_status":"closed","template":"","meta":[],"product_brand":[],"product_cat":[79,102],"product_tag":[],"class_list":{"0":"post-3743","1":"product","2":"type-product","3":"status-publish","4":"has-post-thumbnail","6":"product_cat-foulards","7":"product_cat-voile-de-soie","9":"first","10":"instock","11":"taxable","12":"shipping-taxable","13":"purchasable","14":"product-type-simple"},"_links":{"self":[{"href":"https:\/\/lunaribes.ch\/de\/wp-json\/wp\/v2\/product\/3743","targetHints":{"allow":["GET"]}}],"collection":[{"href":"https:\/\/lunaribes.ch\/de\/wp-json\/wp\/v2\/product"}],"about":[{"href":"https:\/\/lunaribes.ch\/de\/wp-json\/wp\/v2\/types\/product"}],"replies":[{"embeddable":true,"href":"https:\/\/lunaribes.ch\/de\/wp-json\/wp\/v2\/comments?post=3743"}],"wp:featuredmedia":[{"embeddable":true,"href":"https:\/\/lunaribes.ch\/de\/wp-json\/wp\/v2\/media\/3785"}],"wp:attachment":[{"href":"https:\/\/lunaribes.ch\/de\/wp-json\/wp\/v2\/media?parent=3743"}],"wp:term":[{"taxonomy":"product_brand","embeddable":true,"href":"https:\/\/lunaribes.ch\/de\/wp-json\/wp\/v2\/product_brand?post=3743"},{"taxonomy":"product_cat","embeddable":true,"href":"https:\/\/lunaribes.ch\/de\/wp-json\/wp\/v2\/product_cat?post=3743"},{"taxonomy":"product_tag","embeddable":true,"href":"https:\/\/lunaribes.ch\/de\/wp-json\/wp\/v2\/product_tag?post=3743"}],"curies":[{"name":"wp","href":"https:\/\/api.w.org\/{rel}","templated":true}]}}