{"id":3741,"date":"2020-10-28T12:29:27","date_gmt":"2020-10-28T11:29:27","guid":{"rendered":"https:\/\/lunaribes.ch\/product\/import-placeholder-for-1412\/"},"modified":"2026-01-20T14:22:55","modified_gmt":"2026-01-20T13:22:55","slug":"voile-lisbonne","status":"publish","type":"product","link":"https:\/\/lunaribes.ch\/de\/produit\/voile-lisbonne\/","title":{"rendered":"Foulard Lisbonne (Azulejos) | Voile de soie"},"content":{"rendered":"","protected":false},"excerpt":{"rendered":"<p>Lors d\u2019un voyage au Portugal, j\u2019ai \u00e9t\u00e9 envout\u00e9e par la beaut\u00e9 des Azulejos. C\u2019est \u00e0 partir de mes photos de vacances que j\u2019ai cr\u00e9\u00e9 ce mod\u00e8le\u00a0<em>Foulard Lisbonne<\/em>. La couleur bleue est la plus repr\u00e9sentative de ces catelles d\u00e9coratives qui sont sur les murs de la ville. Ces carreaux donnent un c\u00f4t\u00e9 intemporel \u00e0 Lisbonne.<\/p>\n<p><em>Vive les vacances.<\/em><\/p>\n<p>La technique qui est utilis\u00e9e est la photo.<br \/>\nC\u2019est une soie tr\u00e8s fine transparente, mate, facile \u00e0 porter pour tous les jours ou en soir\u00e9es.<br \/>\n[foulard]<\/p>\n","protected":false},"featured_media":3780,"comment_status":"closed","ping_status":"closed","template":"","meta":[],"product_brand":[],"product_cat":[79,102],"product_tag":[],"class_list":{"0":"post-3741","1":"product","2":"type-product","3":"status-publish","4":"has-post-thumbnail","6":"product_cat-foulards","7":"product_cat-voile-de-soie","9":"first","10":"outofstock","11":"taxable","12":"shipping-taxable","13":"purchasable","14":"product-type-simple"},"_links":{"self":[{"href":"https:\/\/lunaribes.ch\/de\/wp-json\/wp\/v2\/product\/3741","targetHints":{"allow":["GET"]}}],"collection":[{"href":"https:\/\/lunaribes.ch\/de\/wp-json\/wp\/v2\/product"}],"about":[{"href":"https:\/\/lunaribes.ch\/de\/wp-json\/wp\/v2\/types\/product"}],"replies":[{"embeddable":true,"href":"https:\/\/lunaribes.ch\/de\/wp-json\/wp\/v2\/comments?post=3741"}],"wp:featuredmedia":[{"embeddable":true,"href":"https:\/\/lunaribes.ch\/de\/wp-json\/wp\/v2\/media\/3780"}],"wp:attachment":[{"href":"https:\/\/lunaribes.ch\/de\/wp-json\/wp\/v2\/media?parent=3741"}],"wp:term":[{"taxonomy":"product_brand","embeddable":true,"href":"https:\/\/lunaribes.ch\/de\/wp-json\/wp\/v2\/product_brand?post=3741"},{"taxonomy":"product_cat","embeddable":true,"href":"https:\/\/lunaribes.ch\/de\/wp-json\/wp\/v2\/product_cat?post=3741"},{"taxonomy":"product_tag","embeddable":true,"href":"https:\/\/lunaribes.ch\/de\/wp-json\/wp\/v2\/product_tag?post=3741"}],"curies":[{"name":"wp","href":"https:\/\/api.w.org\/{rel}","templated":true}]}}