{"id":3740,"date":"2020-10-28T12:29:26","date_gmt":"2020-10-28T11:29:26","guid":{"rendered":"https:\/\/lunaribes.ch\/product\/import-placeholder-for-529\/"},"modified":"2024-12-11T11:48:52","modified_gmt":"2024-12-11T10:48:52","slug":"voile-skisuisse","status":"publish","type":"product","link":"https:\/\/lunaribes.ch\/de\/produit\/voile-skisuisse\/","title":{"rendered":"Foulard Ski Suisse | Voile de soie"},"content":{"rendered":"","protected":false},"excerpt":{"rendered":"<p class=\"p1\"><span class=\"s1\">C\u2019est une skieuse heureuse d\u2019\u00eatre \u00e0 la montagne et de skier dans ses belles stations suisses. Elle respire la joie et l\u2019excitation d\u2019aller sur les pistes de ski. Les petits panneaux repr\u00e9sentent les stations de ski. En arri\u00e8re-plan il y a un tricot avec des grosses mailles pour repr\u00e9senter les v\u00eatements d\u2019hiver. Autour du foulard nous pouvons voir comme un d\u00e9coupage traditionnel suisse.<\/span><\/p>\n[foulard]\n","protected":false},"featured_media":3779,"comment_status":"closed","ping_status":"closed","template":"","meta":[],"product_brand":[],"product_cat":[79,102],"product_tag":[],"class_list":{"0":"post-3740","1":"product","2":"type-product","3":"status-publish","4":"has-post-thumbnail","6":"product_cat-foulards","7":"product_cat-voile-de-soie","9":"first","10":"outofstock","11":"taxable","12":"shipping-taxable","13":"purchasable","14":"product-type-simple"},"_links":{"self":[{"href":"https:\/\/lunaribes.ch\/de\/wp-json\/wp\/v2\/product\/3740","targetHints":{"allow":["GET"]}}],"collection":[{"href":"https:\/\/lunaribes.ch\/de\/wp-json\/wp\/v2\/product"}],"about":[{"href":"https:\/\/lunaribes.ch\/de\/wp-json\/wp\/v2\/types\/product"}],"replies":[{"embeddable":true,"href":"https:\/\/lunaribes.ch\/de\/wp-json\/wp\/v2\/comments?post=3740"}],"wp:featuredmedia":[{"embeddable":true,"href":"https:\/\/lunaribes.ch\/de\/wp-json\/wp\/v2\/media\/3779"}],"wp:attachment":[{"href":"https:\/\/lunaribes.ch\/de\/wp-json\/wp\/v2\/media?parent=3740"}],"wp:term":[{"taxonomy":"product_brand","embeddable":true,"href":"https:\/\/lunaribes.ch\/de\/wp-json\/wp\/v2\/product_brand?post=3740"},{"taxonomy":"product_cat","embeddable":true,"href":"https:\/\/lunaribes.ch\/de\/wp-json\/wp\/v2\/product_cat?post=3740"},{"taxonomy":"product_tag","embeddable":true,"href":"https:\/\/lunaribes.ch\/de\/wp-json\/wp\/v2\/product_tag?post=3740"}],"curies":[{"name":"wp","href":"https:\/\/api.w.org\/{rel}","templated":true}]}}