{"id":3733,"date":"2020-10-28T12:29:26","date_gmt":"2020-10-28T11:29:26","guid":{"rendered":"https:\/\/lunaribes.ch\/product\/import-placeholder-for-482\/"},"modified":"2024-11-22T08:12:37","modified_gmt":"2024-11-22T07:12:37","slug":"voile-australie","status":"publish","type":"product","link":"https:\/\/lunaribes.ch\/de\/produit\/voile-australie\/","title":{"rendered":"Foulard Attention (Australie) | Voile de soie"},"content":{"rendered":"","protected":false},"excerpt":{"rendered":"<p>Il faut \u00eatre sur ses gardes en traversant l\u2019Australie et tr\u00e8s attentifs aux panneaux signalant les tr\u00e8s nombreux dangers. Cette grande diversit\u00e9 de pictogrammes nous est inconnue en Europe. Je trouve int\u00e9ressantes et d\u00e9coratives les couleurs jaune et noir qui sont la signature des panneaux australiens.<\/p>\n<p><em>Des panneaux de signalisations exotiques.<\/em><\/p>\n<p>La technique qui est utilis\u00e9e pour le <em>Foulard Attention<\/em> est la photo.<br \/>\nC\u2019est une soie tr\u00e8s fine transparente, mate, facile \u00e0 porter pour tous les jours ou en soir\u00e9es.<\/p>\n","protected":false},"featured_media":3761,"comment_status":"closed","ping_status":"closed","template":"","meta":[],"product_brand":[],"product_cat":[79,102],"product_tag":[],"class_list":{"0":"post-3733","1":"product","2":"type-product","3":"status-publish","4":"has-post-thumbnail","6":"product_cat-foulards","7":"product_cat-voile-de-soie","9":"first","10":"instock","11":"taxable","12":"shipping-taxable","13":"purchasable","14":"product-type-simple"},"_links":{"self":[{"href":"https:\/\/lunaribes.ch\/de\/wp-json\/wp\/v2\/product\/3733","targetHints":{"allow":["GET"]}}],"collection":[{"href":"https:\/\/lunaribes.ch\/de\/wp-json\/wp\/v2\/product"}],"about":[{"href":"https:\/\/lunaribes.ch\/de\/wp-json\/wp\/v2\/types\/product"}],"replies":[{"embeddable":true,"href":"https:\/\/lunaribes.ch\/de\/wp-json\/wp\/v2\/comments?post=3733"}],"wp:featuredmedia":[{"embeddable":true,"href":"https:\/\/lunaribes.ch\/de\/wp-json\/wp\/v2\/media\/3761"}],"wp:attachment":[{"href":"https:\/\/lunaribes.ch\/de\/wp-json\/wp\/v2\/media?parent=3733"}],"wp:term":[{"taxonomy":"product_brand","embeddable":true,"href":"https:\/\/lunaribes.ch\/de\/wp-json\/wp\/v2\/product_brand?post=3733"},{"taxonomy":"product_cat","embeddable":true,"href":"https:\/\/lunaribes.ch\/de\/wp-json\/wp\/v2\/product_cat?post=3733"},{"taxonomy":"product_tag","embeddable":true,"href":"https:\/\/lunaribes.ch\/de\/wp-json\/wp\/v2\/product_tag?post=3733"}],"curies":[{"name":"wp","href":"https:\/\/api.w.org\/{rel}","templated":true}]}}