{"id":3730,"date":"2020-10-28T12:29:25","date_gmt":"2020-10-28T11:29:25","guid":{"rendered":"https:\/\/lunaribes.ch\/product\/import-placeholder-for-444\/"},"modified":"2024-11-22T08:12:53","modified_gmt":"2024-11-22T07:12:53","slug":"voile-cinema","status":"publish","type":"product","link":"https:\/\/lunaribes.ch\/de\/produit\/voile-cinema\/","title":{"rendered":"Foulard Cin\u00e9ma | Voile de soie"},"content":{"rendered":"","protected":false},"excerpt":{"rendered":"<p>Un bandana, un immense bandana noir et blanc, comme les d\u00e9buts du cin\u00e9ma. Un bandana revisit\u00e9, chic, qui raconte une histoire, une histoire qui n&#8217;arr\u00eate pas de progresser et de se r\u00e9inventer. Le cin\u00e9ma du d\u00e9but, le premier cin\u00e9ma en noir et blanc, les vieilles cam\u00e9ras, les vieux appareils photos, les anciens \u00e9clairages de plateaux, tout une aventure qui fait partie de notre vie. Les pop-corns pour l&#8217;ambiance et des m\u00e8tres de pellicule qui forment une bordure ondulante et \u00e9l\u00e9gante.<\/p>\n<p>Les techniques utilis\u00e9es sont le dessin et la peinture.<br \/>\nC&#8217;est une soie aux couleurs \u00e9clatantes que vous pouvez porter comme une \u00e9tole sur une jolie robe ou pr\u00e8s du cou pour tous les jours et qui vous tiendra chaud.<br \/>\n[foulard]<\/p>\n","protected":false},"featured_media":3755,"comment_status":"closed","ping_status":"closed","template":"","meta":[],"product_brand":[],"product_cat":[79,102],"product_tag":[],"class_list":{"0":"post-3730","1":"product","2":"type-product","3":"status-publish","4":"has-post-thumbnail","6":"product_cat-foulards","7":"product_cat-voile-de-soie","9":"first","10":"instock","11":"taxable","12":"shipping-taxable","13":"purchasable","14":"product-type-simple"},"_links":{"self":[{"href":"https:\/\/lunaribes.ch\/de\/wp-json\/wp\/v2\/product\/3730","targetHints":{"allow":["GET"]}}],"collection":[{"href":"https:\/\/lunaribes.ch\/de\/wp-json\/wp\/v2\/product"}],"about":[{"href":"https:\/\/lunaribes.ch\/de\/wp-json\/wp\/v2\/types\/product"}],"replies":[{"embeddable":true,"href":"https:\/\/lunaribes.ch\/de\/wp-json\/wp\/v2\/comments?post=3730"}],"wp:featuredmedia":[{"embeddable":true,"href":"https:\/\/lunaribes.ch\/de\/wp-json\/wp\/v2\/media\/3755"}],"wp:attachment":[{"href":"https:\/\/lunaribes.ch\/de\/wp-json\/wp\/v2\/media?parent=3730"}],"wp:term":[{"taxonomy":"product_brand","embeddable":true,"href":"https:\/\/lunaribes.ch\/de\/wp-json\/wp\/v2\/product_brand?post=3730"},{"taxonomy":"product_cat","embeddable":true,"href":"https:\/\/lunaribes.ch\/de\/wp-json\/wp\/v2\/product_cat?post=3730"},{"taxonomy":"product_tag","embeddable":true,"href":"https:\/\/lunaribes.ch\/de\/wp-json\/wp\/v2\/product_tag?post=3730"}],"curies":[{"name":"wp","href":"https:\/\/api.w.org\/{rel}","templated":true}]}}