{"id":3424,"date":"2020-10-27T19:53:19","date_gmt":"2020-10-27T18:53:19","guid":{"rendered":"https:\/\/lunaribes.ch\/product\/import-placeholder-for-2336\/"},"modified":"2024-11-22T08:10:13","modified_gmt":"2024-11-22T07:10:13","slug":"sac-blanc-rhinoferoce-peint","status":"publish","type":"product","link":"https:\/\/lunaribes.ch\/de\/produit\/sac-blanc-rhinoferoce-peint\/","title":{"rendered":"Sac Rhinof\u00e9roce"},"content":{"rendered":"","protected":false},"excerpt":{"rendered":"<p>Sac en cuir de veau avec boucle dor\u00e9e Rhinof\u00e9roce.<br \/>\nPeint \u00e0 la main.<br \/>\nBandouli\u00e8re amovible.<br \/>\nTrois compartiments int\u00e9rieurs dont un avec fermeture \u00e9clair.<\/p>\n[maroquinerie]\n","protected":false},"featured_media":3406,"comment_status":"closed","ping_status":"closed","template":"","meta":[],"product_brand":[],"product_cat":[86,93],"product_tag":[],"class_list":{"0":"post-3424","1":"product","2":"type-product","3":"status-publish","4":"has-post-thumbnail","6":"product_cat-maroquinerie","7":"product_cat-sacs-personnalises","9":"first","10":"instock","11":"sold-individually","12":"taxable","13":"shipping-taxable","14":"purchasable","15":"product-type-simple"},"_links":{"self":[{"href":"https:\/\/lunaribes.ch\/de\/wp-json\/wp\/v2\/product\/3424","targetHints":{"allow":["GET"]}}],"collection":[{"href":"https:\/\/lunaribes.ch\/de\/wp-json\/wp\/v2\/product"}],"about":[{"href":"https:\/\/lunaribes.ch\/de\/wp-json\/wp\/v2\/types\/product"}],"replies":[{"embeddable":true,"href":"https:\/\/lunaribes.ch\/de\/wp-json\/wp\/v2\/comments?post=3424"}],"wp:featuredmedia":[{"embeddable":true,"href":"https:\/\/lunaribes.ch\/de\/wp-json\/wp\/v2\/media\/3406"}],"wp:attachment":[{"href":"https:\/\/lunaribes.ch\/de\/wp-json\/wp\/v2\/media?parent=3424"}],"wp:term":[{"taxonomy":"product_brand","embeddable":true,"href":"https:\/\/lunaribes.ch\/de\/wp-json\/wp\/v2\/product_brand?post=3424"},{"taxonomy":"product_cat","embeddable":true,"href":"https:\/\/lunaribes.ch\/de\/wp-json\/wp\/v2\/product_cat?post=3424"},{"taxonomy":"product_tag","embeddable":true,"href":"https:\/\/lunaribes.ch\/de\/wp-json\/wp\/v2\/product_tag?post=3424"}],"curies":[{"name":"wp","href":"https:\/\/api.w.org\/{rel}","templated":true}]}}