{"id":2991,"date":"2020-10-27T16:45:01","date_gmt":"2020-10-27T15:45:01","guid":{"rendered":"https:\/\/lunaribes.ch\/product\/import-placeholder-for-2350\/"},"modified":"2024-11-22T08:21:54","modified_gmt":"2024-11-22T07:21:54","slug":"cachemire-papillons","status":"publish","type":"product","link":"https:\/\/lunaribes.ch\/de\/produit\/cachemire-papillons\/","title":{"rendered":"Foulard Papillons | Cachemire"},"content":{"rendered":"","protected":false},"excerpt":{"rendered":"<p>Les Papillons, l\u00e9ger et \u00e9l\u00e9gant, un motif intemporel, facile \u00e0 porter gr\u00e2ce \u00e0 toutes ses belles couleurs<\/p>\n<p>Attention \u00e0 ne pas vous envoler avec votre Foulard.<\/p>\n[foulard]\n","protected":false},"featured_media":2857,"comment_status":"closed","ping_status":"closed","template":"","meta":[],"product_brand":[],"product_cat":[82,79],"product_tag":[],"class_list":{"0":"post-2991","1":"product","2":"type-product","3":"status-publish","4":"has-post-thumbnail","6":"product_cat-cachemire","7":"product_cat-foulards","9":"first","10":"instock","11":"taxable","12":"shipping-taxable","13":"purchasable","14":"product-type-simple"},"_links":{"self":[{"href":"https:\/\/lunaribes.ch\/de\/wp-json\/wp\/v2\/product\/2991","targetHints":{"allow":["GET"]}}],"collection":[{"href":"https:\/\/lunaribes.ch\/de\/wp-json\/wp\/v2\/product"}],"about":[{"href":"https:\/\/lunaribes.ch\/de\/wp-json\/wp\/v2\/types\/product"}],"replies":[{"embeddable":true,"href":"https:\/\/lunaribes.ch\/de\/wp-json\/wp\/v2\/comments?post=2991"}],"wp:featuredmedia":[{"embeddable":true,"href":"https:\/\/lunaribes.ch\/de\/wp-json\/wp\/v2\/media\/2857"}],"wp:attachment":[{"href":"https:\/\/lunaribes.ch\/de\/wp-json\/wp\/v2\/media?parent=2991"}],"wp:term":[{"taxonomy":"product_brand","embeddable":true,"href":"https:\/\/lunaribes.ch\/de\/wp-json\/wp\/v2\/product_brand?post=2991"},{"taxonomy":"product_cat","embeddable":true,"href":"https:\/\/lunaribes.ch\/de\/wp-json\/wp\/v2\/product_cat?post=2991"},{"taxonomy":"product_tag","embeddable":true,"href":"https:\/\/lunaribes.ch\/de\/wp-json\/wp\/v2\/product_tag?post=2991"}],"curies":[{"name":"wp","href":"https:\/\/api.w.org\/{rel}","templated":true}]}}