{"id":2988,"date":"2020-10-27T16:45:00","date_gmt":"2020-10-27T15:45:00","guid":{"rendered":"https:\/\/lunaribes.ch\/product\/import-placeholder-for-2030\/"},"modified":"2024-11-22T08:22:18","modified_gmt":"2024-11-22T07:22:18","slug":"cachemire-thailande","status":"publish","type":"product","link":"https:\/\/lunaribes.ch\/de\/produit\/cachemire-thailande\/","title":{"rendered":"Foulard Thailande | Cachemire"},"content":{"rendered":"","protected":false},"excerpt":{"rendered":"<p>Dans le noir d\u2019une nuit folle \u00e0 Bangkok en Tha\u00eflande de j\u2019ai \u00e9t\u00e9 surprise par le vert de la v\u00e9g\u00e9tation qui est pr\u00e9sent toute l\u2019ann\u00e9e, la nature m\u00eame en ville reste g\u00e9n\u00e9reuse et foisonnante. Des fleurs de lotus qui font partie de la tradition et du vert et du bleu comme les trottoirs qui nous m\u00e8nent aux centres commerciaux.<br \/>\nLa circulation est incroyable, le bruit assourdissant, mais on y est bien. La couleur des taxis est tropicale, un pink acidul\u00e9 que l\u2019on adore. Les tuk-tuk vrombissement tel des grosses cylindr\u00e9es et leurs passagers se laissent aller \u00e0 vivre des moments d\u2019aventures tels un film de suspens. J\u2019adore ce pays o\u00f9 les habitants sourient naturellement et ou la nourriture est succulente m\u00eame au coin d\u2019une rue.<\/p>\n","protected":false},"featured_media":2828,"comment_status":"closed","ping_status":"closed","template":"","meta":[],"product_brand":[],"product_cat":[82,79],"product_tag":[83],"class_list":{"0":"post-2988","1":"product","2":"type-product","3":"status-publish","4":"has-post-thumbnail","6":"product_cat-cachemire","7":"product_cat-foulards","8":"product_tag-thailande","10":"first","11":"instock","12":"taxable","13":"shipping-taxable","14":"purchasable","15":"product-type-simple"},"_links":{"self":[{"href":"https:\/\/lunaribes.ch\/de\/wp-json\/wp\/v2\/product\/2988","targetHints":{"allow":["GET"]}}],"collection":[{"href":"https:\/\/lunaribes.ch\/de\/wp-json\/wp\/v2\/product"}],"about":[{"href":"https:\/\/lunaribes.ch\/de\/wp-json\/wp\/v2\/types\/product"}],"replies":[{"embeddable":true,"href":"https:\/\/lunaribes.ch\/de\/wp-json\/wp\/v2\/comments?post=2988"}],"wp:featuredmedia":[{"embeddable":true,"href":"https:\/\/lunaribes.ch\/de\/wp-json\/wp\/v2\/media\/2828"}],"wp:attachment":[{"href":"https:\/\/lunaribes.ch\/de\/wp-json\/wp\/v2\/media?parent=2988"}],"wp:term":[{"taxonomy":"product_brand","embeddable":true,"href":"https:\/\/lunaribes.ch\/de\/wp-json\/wp\/v2\/product_brand?post=2988"},{"taxonomy":"product_cat","embeddable":true,"href":"https:\/\/lunaribes.ch\/de\/wp-json\/wp\/v2\/product_cat?post=2988"},{"taxonomy":"product_tag","embeddable":true,"href":"https:\/\/lunaribes.ch\/de\/wp-json\/wp\/v2\/product_tag?post=2988"}],"curies":[{"name":"wp","href":"https:\/\/api.w.org\/{rel}","templated":true}]}}