{"id":2985,"date":"2020-10-27T16:45:00","date_gmt":"2020-10-27T15:45:00","guid":{"rendered":"https:\/\/lunaribes.ch\/product\/import-placeholder-for-524\/"},"modified":"2024-11-22T08:22:13","modified_gmt":"2024-11-22T07:22:13","slug":"cachemire-russieturquoise","status":"publish","type":"product","link":"https:\/\/lunaribes.ch\/de\/produit\/cachemire-russieturquoise\/","title":{"rendered":"Foulard Russie Turquoise | Cachemire"},"content":{"rendered":"","protected":false},"excerpt":{"rendered":"<p><span style=\"font-size: 1rem;\">Matryoshka La Russie et sa place Rouge nous mettent directement dans l\u2019ambiance des couleurs et des formes. Ce foulard est inspir\u00e9 en partie des dessins traditionnels russes se trouvant sur les bordures des ch\u00e2les, avec des d\u00e9tails aux couleurs vives et acidul\u00e9es. Des adorables Matryoshkas, poup\u00e9es russes aux couleurs \u00e9clatantes d\u00e9corent le centre du motif. Ce foulard vous emballera et vous fera r\u00eaver que vous buvez de la vodka, mangez du caviar et dansez le kazatchok sur les tables! Un pays du froid aux couleurs lumineuses qui nous r\u00e9chauffent le c\u0153ur. Sur un fond noir tr\u00e8s classe, il vous enveloppera avec une \u00e9l\u00e9gance tr\u00e8s slave.<\/span><\/p>\n[foulard]\n","protected":false},"featured_media":2774,"comment_status":"closed","ping_status":"closed","template":"","meta":[],"product_brand":[],"product_cat":[82,79],"product_tag":[],"class_list":{"0":"post-2985","1":"product","2":"type-product","3":"status-publish","4":"has-post-thumbnail","6":"product_cat-cachemire","7":"product_cat-foulards","9":"first","10":"instock","11":"taxable","12":"shipping-taxable","13":"purchasable","14":"product-type-simple"},"_links":{"self":[{"href":"https:\/\/lunaribes.ch\/de\/wp-json\/wp\/v2\/product\/2985","targetHints":{"allow":["GET"]}}],"collection":[{"href":"https:\/\/lunaribes.ch\/de\/wp-json\/wp\/v2\/product"}],"about":[{"href":"https:\/\/lunaribes.ch\/de\/wp-json\/wp\/v2\/types\/product"}],"replies":[{"embeddable":true,"href":"https:\/\/lunaribes.ch\/de\/wp-json\/wp\/v2\/comments?post=2985"}],"wp:featuredmedia":[{"embeddable":true,"href":"https:\/\/lunaribes.ch\/de\/wp-json\/wp\/v2\/media\/2774"}],"wp:attachment":[{"href":"https:\/\/lunaribes.ch\/de\/wp-json\/wp\/v2\/media?parent=2985"}],"wp:term":[{"taxonomy":"product_brand","embeddable":true,"href":"https:\/\/lunaribes.ch\/de\/wp-json\/wp\/v2\/product_brand?post=2985"},{"taxonomy":"product_cat","embeddable":true,"href":"https:\/\/lunaribes.ch\/de\/wp-json\/wp\/v2\/product_cat?post=2985"},{"taxonomy":"product_tag","embeddable":true,"href":"https:\/\/lunaribes.ch\/de\/wp-json\/wp\/v2\/product_tag?post=2985"}],"curies":[{"name":"wp","href":"https:\/\/api.w.org\/{rel}","templated":true}]}}