{"id":2983,"date":"2020-10-27T16:45:00","date_gmt":"2020-10-27T15:45:00","guid":{"rendered":"https:\/\/lunaribes.ch\/product\/import-placeholder-for-484\/"},"modified":"2025-02-18T17:50:01","modified_gmt":"2025-02-18T16:50:01","slug":"cachemire-aviatrice","status":"publish","type":"product","link":"https:\/\/lunaribes.ch\/de\/produit\/cachemire-aviatrice\/","title":{"rendered":"Foulard Aviatrice | Cachemire"},"content":{"rendered":"","protected":false},"excerpt":{"rendered":"<p>Le foulard Aviatrice repr\u00e9sente une femme libre et passionn\u00e9e. Elle r\u00eave et vit son r\u00eave de voir le monde, de d\u00e9couvrir de nouvelles cultures et de faire de belles rencontres. Les nuages autour du foulard sont l\u00e0 car elle a souvent la t\u00eate dans les nuages.<br \/>\n[foulard]<\/p>\n","protected":false},"featured_media":2770,"comment_status":"closed","ping_status":"closed","template":"","meta":[],"product_brand":[],"product_cat":[82,79],"product_tag":[],"class_list":{"0":"post-2983","1":"product","2":"type-product","3":"status-publish","4":"has-post-thumbnail","6":"product_cat-cachemire","7":"product_cat-foulards","9":"first","10":"instock","11":"taxable","12":"shipping-taxable","13":"purchasable","14":"product-type-simple"},"_links":{"self":[{"href":"https:\/\/lunaribes.ch\/de\/wp-json\/wp\/v2\/product\/2983","targetHints":{"allow":["GET"]}}],"collection":[{"href":"https:\/\/lunaribes.ch\/de\/wp-json\/wp\/v2\/product"}],"about":[{"href":"https:\/\/lunaribes.ch\/de\/wp-json\/wp\/v2\/types\/product"}],"replies":[{"embeddable":true,"href":"https:\/\/lunaribes.ch\/de\/wp-json\/wp\/v2\/comments?post=2983"}],"wp:featuredmedia":[{"embeddable":true,"href":"https:\/\/lunaribes.ch\/de\/wp-json\/wp\/v2\/media\/2770"}],"wp:attachment":[{"href":"https:\/\/lunaribes.ch\/de\/wp-json\/wp\/v2\/media?parent=2983"}],"wp:term":[{"taxonomy":"product_brand","embeddable":true,"href":"https:\/\/lunaribes.ch\/de\/wp-json\/wp\/v2\/product_brand?post=2983"},{"taxonomy":"product_cat","embeddable":true,"href":"https:\/\/lunaribes.ch\/de\/wp-json\/wp\/v2\/product_cat?post=2983"},{"taxonomy":"product_tag","embeddable":true,"href":"https:\/\/lunaribes.ch\/de\/wp-json\/wp\/v2\/product_tag?post=2983"}],"curies":[{"name":"wp","href":"https:\/\/api.w.org\/{rel}","templated":true}]}}