{"id":26442,"date":"2025-02-14T10:25:10","date_gmt":"2025-02-14T09:25:10","guid":{"rendered":"https:\/\/lunaribes.ch\/?post_type=product&#038;p=26442"},"modified":"2025-12-11T17:57:51","modified_gmt":"2025-12-11T16:57:51","slug":"panettone-citron-chocolat-blanc","status":"publish","type":"product","link":"https:\/\/lunaribes.ch\/de\/produit\/panettone-citron-chocolat-blanc\/","title":{"rendered":"Panettone Citron &#038; chocolat blanc"},"content":{"rendered":"","protected":false},"excerpt":{"rendered":"<h4><span class=\"s1\"><b>La saison des panettones est lanc\u00e9e, c\u2019est ma p\u00e9riode de l\u2019ann\u00e9e pr\u00e9f\u00e9r\u00e9e\u2009!<\/b><\/span><\/h4>\n<p class=\"p1\"><span class=\"s1\">Ce panettone est fabriqu\u00e9 exclusivement \u00e0 partir de levain naturel dans le strict respect de la tradition boulang\u00e8re artisanale italienne. Une lente pr\u00e9paration de trois jours ainsi que l\u2019utilisation d\u2019ingr\u00e9dients s\u00e9lectionn\u00e9s avec soin donnent la vie \u00e0 ce d\u00e9licieux panettone.<span class=\"Apple-converted-space\"><br \/>\n<\/span><\/span><span class=\"s1\">Une explosion de saveurs qui rendra ce moment de d\u00e9gustation unique\u2009!<\/span><\/p>\n<p class=\"p1\"><span class=\"s2\">A d\u00e9guster sans mod\u00e9ration\u2009! Buon appetito.<\/span><\/p>\n","protected":false},"featured_media":26443,"comment_status":"open","ping_status":"closed","template":"","meta":[],"product_brand":[],"product_cat":[191],"product_tag":[],"class_list":{"0":"post-26442","1":"product","2":"type-product","3":"status-publish","4":"has-post-thumbnail","6":"product_cat-panettones","8":"first","9":"outofstock","10":"taxable","11":"shipping-taxable","12":"purchasable","13":"product-type-simple"},"_links":{"self":[{"href":"https:\/\/lunaribes.ch\/de\/wp-json\/wp\/v2\/product\/26442","targetHints":{"allow":["GET"]}}],"collection":[{"href":"https:\/\/lunaribes.ch\/de\/wp-json\/wp\/v2\/product"}],"about":[{"href":"https:\/\/lunaribes.ch\/de\/wp-json\/wp\/v2\/types\/product"}],"replies":[{"embeddable":true,"href":"https:\/\/lunaribes.ch\/de\/wp-json\/wp\/v2\/comments?post=26442"}],"wp:featuredmedia":[{"embeddable":true,"href":"https:\/\/lunaribes.ch\/de\/wp-json\/wp\/v2\/media\/26443"}],"wp:attachment":[{"href":"https:\/\/lunaribes.ch\/de\/wp-json\/wp\/v2\/media?parent=26442"}],"wp:term":[{"taxonomy":"product_brand","embeddable":true,"href":"https:\/\/lunaribes.ch\/de\/wp-json\/wp\/v2\/product_brand?post=26442"},{"taxonomy":"product_cat","embeddable":true,"href":"https:\/\/lunaribes.ch\/de\/wp-json\/wp\/v2\/product_cat?post=26442"},{"taxonomy":"product_tag","embeddable":true,"href":"https:\/\/lunaribes.ch\/de\/wp-json\/wp\/v2\/product_tag?post=26442"}],"curies":[{"name":"wp","href":"https:\/\/api.w.org\/{rel}","templated":true}]}}