{"id":26300,"date":"2020-10-28T09:57:04","date_gmt":"2020-10-28T08:57:04","guid":{"rendered":"https:\/\/lunaribes.ch\/produit\/pilzkopftuch-seidensatin\/"},"modified":"2020-10-28T09:57:04","modified_gmt":"2020-10-28T08:57:04","slug":"pilzkopftuch-seidensatin","status":"publish","type":"product","link":"https:\/\/lunaribes.ch\/de\/produit\/pilzkopftuch-seidensatin\/","title":{"rendered":"Pilzkopftuch | Seidensatin"},"content":{"rendered":"<p>Nein, das ist keine Halluzination, sondern ein Unterholz in der Abendd\u00e4mmerung, das meiner Fantasie entsprungen ist. Es ist der Pilz, den ich schon als Kind gemalt habe, den ich in Zeichentrickfilmen gesehen habe und den jedes Kind schon einmal gezeichnet hat. F\u00fcr mich ist es der sch\u00f6nste, bunteste, verr\u00fcckteste und vielleicht gef\u00e4hrlichste Pilz! Die verwendeten Techniken sind Zeichnen und Malen. Es ist eine Seide in leuchtenden Farben, die Sie als Stola \u00fcber einem sch\u00f6nen Kleid tragen k\u00f6nnen, oder um den Hals f\u00fcr jeden Tag, und die Sie warm h\u00e4lt. <\/p>\n","protected":false},"excerpt":{"rendered":"<table style=\"width: 100%; margin-bottom: -20px;\">\n<tbody>\n<tr>\n<td style=\"padding: 0; text-align: left; width: 25%;\"><img decoding=\"async\" class=\"alignnone size-medium wp-image-9465\" style=\"display: block; margin: 0 auto 0 -4px;\" role=\"img\" src=\"https:\/\/lunaribes.ch\/wp-content\/uploads\/2023\/01\/icone_FinitionMain.svg\" width=\"80\" height=\"80\"><\/p>\n<div style=\"color: black; font-size: 0.8em; text-align: left; margin: 10px 0;\">Handgefertigte Endverarbeitung<\/div>\n<\/td>\n<td style=\"padding: 0 2px; text-align: center; width: 25%;\"><img decoding=\"async\" class=\"alignnone size-medium wp-image-9465\" style=\"display: block; margin: 0 auto;\" role=\"img\" src=\"https:\/\/lunaribes.ch\/wp-content\/uploads\/2023\/01\/icone_DesignSuisse.svg\" width=\"80\" height=\"80\"><\/p>\n<div style=\"color: black; font-size: 0.8em; text-align: center; margin: 10px 0;\">Schweizer Design<\/div>\n<\/td>\n<td style=\"padding: 0 3px; text-align: center; width: 25%;\"><img decoding=\"async\" class=\"alignnone size-medium wp-image-9465\" style=\"display: block; margin: 0 auto;\" role=\"img\" src=\"https:\/\/lunaribes.ch\/wp-content\/uploads\/2023\/01\/icone_FaitMain.svg\" width=\"80\" height=\"80\"><\/p>\n<div style=\"color: black; font-size: 0.8em; text-align: center; margin: 10px 0;\">Handgemacht<\/div>\n<\/td>\n<td style=\"padding: 0 3px; text-align: center; width: 25%;\"><img loading=\"lazy\" decoding=\"async\" class=\"alignnone size-medium wp-image-9465\" style=\"display: block; margin: 0 auto;\" role=\"img\" src=\"https:\/\/lunaribes.ch\/wp-content\/uploads\/2023\/01\/icone_Circuitcourt.svg\" width=\"80\" height=\"80\"><\/p>\n<div style=\"color: black; font-size: 0.8em; text-align: center; margin: 10px 0;\">Kurzer Weg<\/div>\n<\/td>\n<\/tr>\n<tr>\n<th class=\"woocommerce-product-attributes-item__label\" style=\"padding-top: 10px; text-align: left;\" scope=\"row\">Abmessungen<\/th>\n<td class=\"woocommerce-product-attributes-item__value\" style=\"padding-top: 10px; text-align: left;\">90 x 200 cm<\/td>\n<\/tr>\n<tr>\n<th class=\"woocommerce-product-attributes-item__label\" style=\"text-align: left;\" scope=\"row\">Material<\/th>\n<td class=\"woocommerce-product-attributes-item__value\" style=\"text-align: left;\">100% Satin-Seide<\/td>\n<\/tr>\n<tr>\n<th class=\"woocommerce-product-attributes-item__label\" style=\"text-align: left;\" scope=\"row\">Farbe<\/th>\n<td class=\"woocommerce-product-attributes-item__value\" style=\"text-align: left;\" colspan=\"3\">Wei\u00df, Schwarz, Rot<\/td>\n<\/tr>\n<\/tbody>\n<\/table>\n","protected":false},"featured_media":23603,"comment_status":"closed","ping_status":"closed","template":"","meta":[],"product_brand":[],"product_cat":[374,392],"product_tag":[],"class_list":{"0":"post-26300","1":"product","2":"type-product","3":"status-publish","4":"has-post-thumbnail","6":"product_cat-schals","7":"product_cat-seidener-satin","9":"first","10":"instock","11":"taxable","12":"shipping-taxable","13":"purchasable","14":"product-type-simple"},"_links":{"self":[{"href":"https:\/\/lunaribes.ch\/de\/wp-json\/wp\/v2\/product\/26300","targetHints":{"allow":["GET"]}}],"collection":[{"href":"https:\/\/lunaribes.ch\/de\/wp-json\/wp\/v2\/product"}],"about":[{"href":"https:\/\/lunaribes.ch\/de\/wp-json\/wp\/v2\/types\/product"}],"replies":[{"embeddable":true,"href":"https:\/\/lunaribes.ch\/de\/wp-json\/wp\/v2\/comments?post=26300"}],"wp:featuredmedia":[{"embeddable":true,"href":"https:\/\/lunaribes.ch\/de\/wp-json\/wp\/v2\/media\/23603"}],"wp:attachment":[{"href":"https:\/\/lunaribes.ch\/de\/wp-json\/wp\/v2\/media?parent=26300"}],"wp:term":[{"taxonomy":"product_brand","embeddable":true,"href":"https:\/\/lunaribes.ch\/de\/wp-json\/wp\/v2\/product_brand?post=26300"},{"taxonomy":"product_cat","embeddable":true,"href":"https:\/\/lunaribes.ch\/de\/wp-json\/wp\/v2\/product_cat?post=26300"},{"taxonomy":"product_tag","embeddable":true,"href":"https:\/\/lunaribes.ch\/de\/wp-json\/wp\/v2\/product_tag?post=26300"}],"curies":[{"name":"wp","href":"https:\/\/api.w.org\/{rel}","templated":true}]}}