{"id":26294,"date":"2020-10-28T09:57:05","date_gmt":"2020-10-28T08:57:05","guid":{"rendered":"https:\/\/lunaribes.ch\/produit\/afrikanischer-blumenschal-afrika-seidensatin\/"},"modified":"2020-10-28T09:57:05","modified_gmt":"2020-10-28T08:57:05","slug":"afrikanischer-blumenschal-afrika-seidensatin","status":"publish","type":"product","link":"https:\/\/lunaribes.ch\/de\/produit\/afrikanischer-blumenschal-afrika-seidensatin\/","title":{"rendered":"Afrikanischer Blumenschal (Afrika) | Seidensatin"},"content":{"rendered":"<p>Dieses Tuch f\u00fchrt uns auf einen Kontinent weiter s\u00fcdlich: Afrika, ein Ort mit 1000 Facetten. Ich habe mich entschieden, einige Frauen mit sehr unterschiedlichen Stilen abzubilden, um die Vielfalt und den Reichtum dieses Kontinents zu illustrieren. Es ist eine gl\u00e4nzende Seide in leuchtenden Farben, die sich perfekt als Stola \u00fcber einem h\u00fcbschen Kleid oder eng um den Hals f\u00fcr den t\u00e4glichen Look tragen l\u00e4sst und Ihnen W\u00e4rme und Eleganz verleiht. <\/p>\n","protected":false},"excerpt":{"rendered":"<table style=\"width: 100%; margin-bottom: -20px;\">\n<tbody>\n<tr>\n<td style=\"padding: 0; text-align: center; width: 25%;\">\n        <img decoding=\"async\" src=\"https:\/\/lunaribes.ch\/wp-content\/uploads\/2023\/01\/icone_FinitionMain.svg\" width=\"80\" height=\"80\" alt=\"Handgefertigte Endverarbeitung\"><\/p>\n<div style=\"color: black; font-size: 0.8em; margin: 10px 0;\">Handgefertigte Endverarbeitung<\/div>\n<\/td>\n<td style=\"padding: 0; text-align: center; width: 25%;\">\n        <img decoding=\"async\" src=\"https:\/\/lunaribes.ch\/wp-content\/uploads\/2023\/01\/icone_DesignSuisse.svg\" width=\"80\" height=\"80\" alt=\"Schweizer Design\"><\/p>\n<div style=\"color: black; font-size: 0.8em; margin: 10px 0;\">Schweizer Design<\/div>\n<\/td>\n<td style=\"padding: 0; text-align: center; width: 25%;\">\n        <img decoding=\"async\" src=\"https:\/\/lunaribes.ch\/wp-content\/uploads\/2023\/01\/icone_FaitMain.svg\" width=\"80\" height=\"80\" alt=\"Handgemacht\"><\/p>\n<div style=\"color: black; font-size: 0.8em; margin: 10px 0;\">Handgemacht<\/div>\n<\/td>\n<td style=\"padding: 0; text-align: center; width: 25%;\">\n        <img loading=\"lazy\" decoding=\"async\" src=\"https:\/\/lunaribes.ch\/wp-content\/uploads\/2023\/01\/icone_Circuitcourt.svg\" width=\"80\" height=\"80\" alt=\"Kurzer Weg\"><\/p>\n<div style=\"color: black; font-size: 0.8em; margin: 10px 0;\">Kurzer Weg<\/div>\n<\/td>\n<\/tr>\n<\/tbody>\n<\/table>\n","protected":false},"featured_media":23636,"comment_status":"closed","ping_status":"closed","template":"","meta":[],"product_brand":[],"product_cat":[374,392],"product_tag":[],"class_list":{"0":"post-26294","1":"product","2":"type-product","3":"status-publish","4":"has-post-thumbnail","6":"product_cat-schals","7":"product_cat-seidener-satin","9":"first","10":"instock","11":"taxable","12":"shipping-taxable","13":"purchasable","14":"product-type-simple"},"_links":{"self":[{"href":"https:\/\/lunaribes.ch\/de\/wp-json\/wp\/v2\/product\/26294","targetHints":{"allow":["GET"]}}],"collection":[{"href":"https:\/\/lunaribes.ch\/de\/wp-json\/wp\/v2\/product"}],"about":[{"href":"https:\/\/lunaribes.ch\/de\/wp-json\/wp\/v2\/types\/product"}],"replies":[{"embeddable":true,"href":"https:\/\/lunaribes.ch\/de\/wp-json\/wp\/v2\/comments?post=26294"}],"wp:featuredmedia":[{"embeddable":true,"href":"https:\/\/lunaribes.ch\/de\/wp-json\/wp\/v2\/media\/23636"}],"wp:attachment":[{"href":"https:\/\/lunaribes.ch\/de\/wp-json\/wp\/v2\/media?parent=26294"}],"wp:term":[{"taxonomy":"product_brand","embeddable":true,"href":"https:\/\/lunaribes.ch\/de\/wp-json\/wp\/v2\/product_brand?post=26294"},{"taxonomy":"product_cat","embeddable":true,"href":"https:\/\/lunaribes.ch\/de\/wp-json\/wp\/v2\/product_cat?post=26294"},{"taxonomy":"product_tag","embeddable":true,"href":"https:\/\/lunaribes.ch\/de\/wp-json\/wp\/v2\/product_tag?post=26294"}],"curies":[{"name":"wp","href":"https:\/\/api.w.org\/{rel}","templated":true}]}}