{"id":26289,"date":"2020-10-28T09:57:05","date_gmt":"2020-10-28T08:57:05","guid":{"rendered":"https:\/\/lunaribes.ch\/produit\/kopftuch-holiday-pin-up\/"},"modified":"2020-10-28T09:57:05","modified_gmt":"2020-10-28T08:57:05","slug":"kopftuch-holiday-pin-up","status":"publish","type":"product","link":"https:\/\/lunaribes.ch\/de\/produit\/kopftuch-holiday-pin-up\/","title":{"rendered":"Kopftuch Holiday (Pin-up)"},"content":{"rendered":"<p>Das Holiday Halstuch repr\u00e4sentiert Nordamerika, genauer gesagt Miami in den 60er Jahren. Es erinnert an das Bild der blonden Pin-up Girls, freie Frauen, die sich bei ihren Shows an den sonnigen Str\u00e4nden entfalten. Diese Frauen sind sportlich, \u00fcppig, mit blonden Locken, die in der Sonne Floridas gl\u00e4nzen. Die Frau, die dieses Tuch ziert, ist strahlend, l\u00e4chelnd und tr\u00e4gt einen hochgeschnittenen roten Bikini mit wei\u00dfen Punkten, ein ikonisches Symbol der 60er Jahre. Das Wasser ist wie ein gro\u00dfes Aquarell dargestellt und zeigt die vielen Blaut\u00f6ne, die das Meer umgeben. Dieses Tuch verk\u00f6rpert einen Lebensrhythmus, der zum Tr\u00e4umen anregt, eine R\u00fcckkehr zur Freiheit und Unbeschwertheit einer vergangenen Epoche. Die verwendeten Techniken sind Zeichnung und Malerei. Es ist eine gl\u00e4nzende Seide in leuchtenden Farben, die ideal als Stola \u00fcber einem sch\u00f6nen Kleid oder als Halsband im Alltag getragen werden kann, um einen Hauch von Frische und W\u00e4rme zu verleihen.   <\/p>\n","protected":false},"excerpt":{"rendered":"<table style=\"width: 100%; margin-bottom: -20px;\">\n<tbody>\n<tr>\n<td style=\"padding: 0; text-align: center; width: 25%;\">\n        <img decoding=\"async\" src=\"https:\/\/lunaribes.ch\/wp-content\/uploads\/2023\/01\/icone_FinitionMain.svg\" width=\"80\" height=\"80\" alt=\"Handgefertigte Endverarbeitung\"><\/p>\n<div style=\"color: black; font-size: 0.8em; margin: 10px 0;\">Handgefertigte Endverarbeitung<\/div>\n<\/td>\n<td style=\"padding: 0; text-align: center; width: 25%;\">\n        <img decoding=\"async\" src=\"https:\/\/lunaribes.ch\/wp-content\/uploads\/2023\/01\/icone_DesignSuisse.svg\" width=\"80\" height=\"80\" alt=\"Schweizer Design\"><\/p>\n<div style=\"color: black; font-size: 0.8em; margin: 10px 0;\">Schweizer Design<\/div>\n<\/td>\n<td style=\"padding: 0; text-align: center; width: 25%;\">\n        <img decoding=\"async\" src=\"https:\/\/lunaribes.ch\/wp-content\/uploads\/2023\/01\/icone_FaitMain.svg\" width=\"80\" height=\"80\" alt=\"Handgemacht\"><\/p>\n<div style=\"color: black; font-size: 0.8em; margin: 10px 0;\">Handgemacht<\/div>\n<\/td>\n<td style=\"padding: 0; text-align: center; width: 25%;\">\n        <img loading=\"lazy\" decoding=\"async\" src=\"https:\/\/lunaribes.ch\/wp-content\/uploads\/2023\/01\/icone_Circuitcourt.svg\" width=\"80\" height=\"80\" alt=\"Kurzer Weg\"><\/p>\n<div style=\"color: black; font-size: 0.8em; margin: 10px 0;\">Kurzer Weg<\/div>\n<\/td>\n<\/tr>\n<\/tbody>\n<\/table>\n","protected":false},"featured_media":23629,"comment_status":"closed","ping_status":"closed","template":"","meta":[],"product_brand":[],"product_cat":[374,392],"product_tag":[],"class_list":{"0":"post-26289","1":"product","2":"type-product","3":"status-publish","4":"has-post-thumbnail","6":"product_cat-schals","7":"product_cat-seidener-satin","9":"first","10":"instock","11":"taxable","12":"shipping-taxable","13":"purchasable","14":"product-type-simple"},"_links":{"self":[{"href":"https:\/\/lunaribes.ch\/de\/wp-json\/wp\/v2\/product\/26289","targetHints":{"allow":["GET"]}}],"collection":[{"href":"https:\/\/lunaribes.ch\/de\/wp-json\/wp\/v2\/product"}],"about":[{"href":"https:\/\/lunaribes.ch\/de\/wp-json\/wp\/v2\/types\/product"}],"replies":[{"embeddable":true,"href":"https:\/\/lunaribes.ch\/de\/wp-json\/wp\/v2\/comments?post=26289"}],"wp:featuredmedia":[{"embeddable":true,"href":"https:\/\/lunaribes.ch\/de\/wp-json\/wp\/v2\/media\/23629"}],"wp:attachment":[{"href":"https:\/\/lunaribes.ch\/de\/wp-json\/wp\/v2\/media?parent=26289"}],"wp:term":[{"taxonomy":"product_brand","embeddable":true,"href":"https:\/\/lunaribes.ch\/de\/wp-json\/wp\/v2\/product_brand?post=26289"},{"taxonomy":"product_cat","embeddable":true,"href":"https:\/\/lunaribes.ch\/de\/wp-json\/wp\/v2\/product_cat?post=26289"},{"taxonomy":"product_tag","embeddable":true,"href":"https:\/\/lunaribes.ch\/de\/wp-json\/wp\/v2\/product_tag?post=26289"}],"curies":[{"name":"wp","href":"https:\/\/api.w.org\/{rel}","templated":true}]}}