{"id":26276,"date":"2020-10-28T09:57:05","date_gmt":"2020-10-28T08:57:05","guid":{"rendered":"https:\/\/lunaribes.ch\/produit\/halstuch-ski-schweiz-seidensatin\/"},"modified":"2020-10-28T09:57:05","modified_gmt":"2020-10-28T08:57:05","slug":"halstuch-ski-schweiz-seidensatin","status":"publish","type":"product","link":"https:\/\/lunaribes.ch\/de\/produit\/halstuch-ski-schweiz-seidensatin\/","title":{"rendered":"Halstuch Ski Schweiz | Seidensatin"},"content":{"rendered":"<p>Das Skieuse Heureuse Halstuch f\u00e4ngt die Begeisterung und Freude einer Skifahrerin ein, die die Pisten der wundersch\u00f6nen Schweizer Skigebiete hinunterf\u00e4hrt. Es verk\u00f6rpert die Aufregung der Berge, das Vergn\u00fcgen, die frische Luft zu atmen und die verschneiten Landschaften zu erkunden. Die kleinen Schilder, die mit subtilen Mustern dargestellt sind, weisen auf die verschiedenen symboltr\u00e4chtigen Skigebiete hin. Im Hintergrund erinnert ein grobmaschiges Strickmuster an die W\u00e4rme und Weichheit von Winterkleidung und verleiht der winterlichen Stimmung einen warmen Anklang. Die Kontur des Schals ist mit einem traditionellen Schweizer Scherenschnitt verziert, der einen Hauch von lokaler Kultur und Raffinesse verleiht. Dieser Schal ist das perfekte Accessoire f\u00fcr Ski- und Bergfans, ein fr\u00f6hliches und elegantes St\u00fcck, das Sie mit Stil umh\u00fcllt und den Geist der Alpen zelebriert.  <\/p>\n","protected":false},"excerpt":{"rendered":"<table style=\"width: 100%; margin-bottom: -20px;\">\n<tbody>\n<tr>\n<td style=\"padding: 0; text-align: center; width: 25%;\">\n        <img decoding=\"async\" src=\"https:\/\/lunaribes.ch\/wp-content\/uploads\/2023\/01\/icone_FinitionMain.svg\" width=\"80\" height=\"80\" alt=\"Handgefertigte Endverarbeitung\"><\/p>\n<div style=\"color: black; font-size: 0.8em; margin: 10px 0;\">Handgefertigte Endverarbeitung<\/div>\n<\/td>\n<td style=\"padding: 0; text-align: center; width: 25%;\">\n        <img decoding=\"async\" src=\"https:\/\/lunaribes.ch\/wp-content\/uploads\/2023\/01\/icone_DesignSuisse.svg\" width=\"80\" height=\"80\" alt=\"Schweizer Design\"><\/p>\n<div style=\"color: black; font-size: 0.8em; margin: 10px 0;\">Schweizer Design<\/div>\n<\/td>\n<td style=\"padding: 0; text-align: center; width: 25%;\">\n        <img decoding=\"async\" src=\"https:\/\/lunaribes.ch\/wp-content\/uploads\/2023\/01\/icone_FaitMain.svg\" width=\"80\" height=\"80\" alt=\"Handgemacht\"><\/p>\n<div style=\"color: black; font-size: 0.8em; margin: 10px 0;\">Handgemacht<\/div>\n<\/td>\n<td style=\"padding: 0; text-align: center; width: 25%;\">\n        <img loading=\"lazy\" decoding=\"async\" src=\"https:\/\/lunaribes.ch\/wp-content\/uploads\/2023\/01\/icone_Circuitcourt.svg\" width=\"80\" height=\"80\" alt=\"Kurzer Weg\"><\/p>\n<div style=\"color: black; font-size: 0.8em; margin: 10px 0;\">Kurzer Weg<\/div>\n<\/td>\n<\/tr>\n<\/tbody>\n<\/table>\n","protected":false},"featured_media":23626,"comment_status":"closed","ping_status":"closed","template":"","meta":[],"product_brand":[],"product_cat":[374,392],"product_tag":[],"class_list":{"0":"post-26276","1":"product","2":"type-product","3":"status-publish","4":"has-post-thumbnail","6":"product_cat-schals","7":"product_cat-seidener-satin","9":"first","10":"outofstock","11":"taxable","12":"shipping-taxable","13":"purchasable","14":"product-type-simple"},"_links":{"self":[{"href":"https:\/\/lunaribes.ch\/de\/wp-json\/wp\/v2\/product\/26276","targetHints":{"allow":["GET"]}}],"collection":[{"href":"https:\/\/lunaribes.ch\/de\/wp-json\/wp\/v2\/product"}],"about":[{"href":"https:\/\/lunaribes.ch\/de\/wp-json\/wp\/v2\/types\/product"}],"replies":[{"embeddable":true,"href":"https:\/\/lunaribes.ch\/de\/wp-json\/wp\/v2\/comments?post=26276"}],"wp:featuredmedia":[{"embeddable":true,"href":"https:\/\/lunaribes.ch\/de\/wp-json\/wp\/v2\/media\/23626"}],"wp:attachment":[{"href":"https:\/\/lunaribes.ch\/de\/wp-json\/wp\/v2\/media?parent=26276"}],"wp:term":[{"taxonomy":"product_brand","embeddable":true,"href":"https:\/\/lunaribes.ch\/de\/wp-json\/wp\/v2\/product_brand?post=26276"},{"taxonomy":"product_cat","embeddable":true,"href":"https:\/\/lunaribes.ch\/de\/wp-json\/wp\/v2\/product_cat?post=26276"},{"taxonomy":"product_tag","embeddable":true,"href":"https:\/\/lunaribes.ch\/de\/wp-json\/wp\/v2\/product_tag?post=26276"}],"curies":[{"name":"wp","href":"https:\/\/api.w.org\/{rel}","templated":true}]}}