{"id":26271,"date":"2020-10-28T09:57:03","date_gmt":"2020-10-28T08:57:03","guid":{"rendered":"https:\/\/lunaribes.ch\/produit\/china-kopftuch-fliegende-teller-seidensatin\/"},"modified":"2020-10-28T09:57:03","modified_gmt":"2020-10-28T08:57:03","slug":"china-kopftuch-fliegende-teller-seidensatin","status":"publish","type":"product","link":"https:\/\/lunaribes.ch\/de\/produit\/china-kopftuch-fliegende-teller-seidensatin\/","title":{"rendered":"China Kopftuch (Fliegende Teller) | Seidensatin"},"content":{"rendered":"<p>\u00dcberh\u00e4ngen, das Gl\u00fcck haben, von oben einen Blick auf eine K\u00fcnstlerin zu erhaschen, die chinesische Teller dreht. Bewundern Sie die Leistung und Sch\u00f6nheit dieser alten Teller, die von einer Tradition zeugen, die die Zeiten \u00fcberdauert hat. Jeder Teller tr\u00e4gt eine einzigartige Geschichte. Die Techniken, die f\u00fcr dieses Tuch verwendet wurden, sind Fotografie und Malerei, die zwei K\u00fcnste miteinander verschmelzen lassen, um die Zartheit und zeitlose Sch\u00f6nheit des Porzellans einzufangen. Es ist eine gl\u00e4nzende Seide in leuchtenden Farben, die Sie als Stola \u00fcber einem sch\u00f6nen Kleid oder um den Hals f\u00fcr jeden Tag tragen k\u00f6nnen und die Sie warm h\u00e4lt.   <\/p>\n","protected":false},"excerpt":{"rendered":"<table style=\"width: 100%; margin-bottom: -20px;\">\n<tbody>\n<tr>\n<td style=\"padding: 0; text-align: center; width: 25%;\">\n        <img decoding=\"async\" src=\"https:\/\/lunaribes.ch\/wp-content\/uploads\/2023\/01\/icone_FinitionMain.svg\" width=\"80\" height=\"80\" alt=\"Handgefertigte Endverarbeitung\"><\/p>\n<div style=\"color: black; font-size: 0.8em; margin: 10px 0;\">Handgefertigte Endverarbeitung<\/div>\n<\/td>\n<td style=\"padding: 0; text-align: center; width: 25%;\">\n        <img decoding=\"async\" src=\"https:\/\/lunaribes.ch\/wp-content\/uploads\/2023\/01\/icone_DesignSuisse.svg\" width=\"80\" height=\"80\" alt=\"Schweizer Design\"><\/p>\n<div style=\"color: black; font-size: 0.8em; margin: 10px 0;\">Schweizer Design<\/div>\n<\/td>\n<td style=\"padding: 0; text-align: center; width: 25%;\">\n        <img decoding=\"async\" src=\"https:\/\/lunaribes.ch\/wp-content\/uploads\/2023\/01\/icone_FaitMain.svg\" width=\"80\" height=\"80\" alt=\"Handgemacht\"><\/p>\n<div style=\"color: black; font-size: 0.8em; margin: 10px 0;\">Handgemacht<\/div>\n<\/td>\n<td style=\"padding: 0; text-align: center; width: 25%;\">\n        <img loading=\"lazy\" decoding=\"async\" src=\"https:\/\/lunaribes.ch\/wp-content\/uploads\/2023\/01\/icone_Circuitcourt.svg\" width=\"80\" height=\"80\" alt=\"Kurzer Weg\"><\/p>\n<div style=\"color: black; font-size: 0.8em; margin: 10px 0;\">Kurzer Weg<\/div>\n<\/td>\n<\/tr>\n<\/tbody>\n<\/table>\n","protected":false},"featured_media":23600,"comment_status":"closed","ping_status":"closed","template":"","meta":[],"product_brand":[],"product_cat":[374,392],"product_tag":[],"class_list":{"0":"post-26271","1":"product","2":"type-product","3":"status-publish","4":"has-post-thumbnail","6":"product_cat-schals","7":"product_cat-seidener-satin","9":"first","10":"instock","11":"taxable","12":"shipping-taxable","13":"purchasable","14":"product-type-simple"},"_links":{"self":[{"href":"https:\/\/lunaribes.ch\/de\/wp-json\/wp\/v2\/product\/26271","targetHints":{"allow":["GET"]}}],"collection":[{"href":"https:\/\/lunaribes.ch\/de\/wp-json\/wp\/v2\/product"}],"about":[{"href":"https:\/\/lunaribes.ch\/de\/wp-json\/wp\/v2\/types\/product"}],"replies":[{"embeddable":true,"href":"https:\/\/lunaribes.ch\/de\/wp-json\/wp\/v2\/comments?post=26271"}],"wp:featuredmedia":[{"embeddable":true,"href":"https:\/\/lunaribes.ch\/de\/wp-json\/wp\/v2\/media\/23600"}],"wp:attachment":[{"href":"https:\/\/lunaribes.ch\/de\/wp-json\/wp\/v2\/media?parent=26271"}],"wp:term":[{"taxonomy":"product_brand","embeddable":true,"href":"https:\/\/lunaribes.ch\/de\/wp-json\/wp\/v2\/product_brand?post=26271"},{"taxonomy":"product_cat","embeddable":true,"href":"https:\/\/lunaribes.ch\/de\/wp-json\/wp\/v2\/product_cat?post=26271"},{"taxonomy":"product_tag","embeddable":true,"href":"https:\/\/lunaribes.ch\/de\/wp-json\/wp\/v2\/product_tag?post=26271"}],"curies":[{"name":"wp","href":"https:\/\/api.w.org\/{rel}","templated":true}]}}