{"id":26266,"date":"2020-10-28T09:57:04","date_gmt":"2020-10-28T08:57:04","guid":{"rendered":"https:\/\/lunaribes.ch\/produit\/japan-schal-seidener-satin\/"},"modified":"2020-10-28T09:57:04","modified_gmt":"2020-10-28T08:57:04","slug":"japan-schal-seidener-satin","status":"publish","type":"product","link":"https:\/\/lunaribes.ch\/de\/produit\/japan-schal-seidener-satin\/","title":{"rendered":"Japan Schal | Seidener Satin"},"content":{"rendered":"<p>Wenige Farben wie die japanische Flagge, aber sehr viele Informationen. Ein einzigartiges und kreatives Land, eine so unterschiedliche Kultur, in der alles auf Reinheit, Design und Originalit\u00e4t ausgerichtet ist. Ein Land, das uns \u00fcberrascht und anzieht, sowohl mit seiner Gastronomie als auch mit seinen Kontrasten, in denen sich Vergangenheit und Zukunft vermischen. Ich wollte Ihnen viele Informationen zeigen, von Sumos bis Sushi, von Kirschbl\u00fcten bis Geishas, von kleinen Gl\u00fcckskatzen bis Origami, von Mangas bis Koi-Karpfen, von au\u00dfergew\u00f6hnlichen St\u00e4dten, alles gemischt mit Computerelementen. Mein ganzes Japan wurde gemischt und zu einem Design zusammengef\u00fcgt.    <\/p>\n","protected":false},"excerpt":{"rendered":"<table style=\"width: 100%; margin-bottom: -20px;\">\n<tbody>\n<tr>\n<td style=\"padding: 0; text-align: center; width: 25%;\">\n        <img decoding=\"async\" src=\"https:\/\/lunaribes.ch\/wp-content\/uploads\/2023\/01\/icone_FinitionMain.svg\" width=\"80\" height=\"80\" alt=\"Handgefertigte Endverarbeitung\"><\/p>\n<div style=\"color: black; font-size: 0.8em; margin: 10px 0;\">Handgefertigte Endverarbeitung<\/div>\n<\/td>\n<td style=\"padding: 0; text-align: center; width: 25%;\">\n        <img decoding=\"async\" src=\"https:\/\/lunaribes.ch\/wp-content\/uploads\/2023\/01\/icone_DesignSuisse.svg\" width=\"80\" height=\"80\" alt=\"Schweizer Design\"><\/p>\n<div style=\"color: black; font-size: 0.8em; margin: 10px 0;\">Schweizer Design<\/div>\n<\/td>\n<td style=\"padding: 0; text-align: center; width: 25%;\">\n        <img decoding=\"async\" src=\"https:\/\/lunaribes.ch\/wp-content\/uploads\/2023\/01\/icone_FaitMain.svg\" width=\"80\" height=\"80\" alt=\"Handgemacht\"><\/p>\n<div style=\"color: black; font-size: 0.8em; margin: 10px 0;\">Handgemacht<\/div>\n<\/td>\n<td style=\"padding: 0; text-align: center; width: 25%;\">\n        <img loading=\"lazy\" decoding=\"async\" src=\"https:\/\/lunaribes.ch\/wp-content\/uploads\/2023\/01\/icone_Circuitcourt.svg\" width=\"80\" height=\"80\" alt=\"Kurzer Weg\"><\/p>\n<div style=\"color: black; font-size: 0.8em; margin: 10px 0;\">Kurzer Weg<\/div>\n<\/td>\n<\/tr>\n<\/tbody>\n<\/table>\n","protected":false},"featured_media":23613,"comment_status":"closed","ping_status":"closed","template":"","meta":[],"product_brand":[],"product_cat":[374,392],"product_tag":[],"class_list":{"0":"post-26266","1":"product","2":"type-product","3":"status-publish","4":"has-post-thumbnail","6":"product_cat-schals","7":"product_cat-seidener-satin","9":"first","10":"instock","11":"taxable","12":"shipping-taxable","13":"purchasable","14":"product-type-simple"},"_links":{"self":[{"href":"https:\/\/lunaribes.ch\/de\/wp-json\/wp\/v2\/product\/26266","targetHints":{"allow":["GET"]}}],"collection":[{"href":"https:\/\/lunaribes.ch\/de\/wp-json\/wp\/v2\/product"}],"about":[{"href":"https:\/\/lunaribes.ch\/de\/wp-json\/wp\/v2\/types\/product"}],"replies":[{"embeddable":true,"href":"https:\/\/lunaribes.ch\/de\/wp-json\/wp\/v2\/comments?post=26266"}],"wp:featuredmedia":[{"embeddable":true,"href":"https:\/\/lunaribes.ch\/de\/wp-json\/wp\/v2\/media\/23613"}],"wp:attachment":[{"href":"https:\/\/lunaribes.ch\/de\/wp-json\/wp\/v2\/media?parent=26266"}],"wp:term":[{"taxonomy":"product_brand","embeddable":true,"href":"https:\/\/lunaribes.ch\/de\/wp-json\/wp\/v2\/product_brand?post=26266"},{"taxonomy":"product_cat","embeddable":true,"href":"https:\/\/lunaribes.ch\/de\/wp-json\/wp\/v2\/product_cat?post=26266"},{"taxonomy":"product_tag","embeddable":true,"href":"https:\/\/lunaribes.ch\/de\/wp-json\/wp\/v2\/product_tag?post=26266"}],"curies":[{"name":"wp","href":"https:\/\/api.w.org\/{rel}","templated":true}]}}