{"id":26216,"date":"2020-11-24T11:25:28","date_gmt":"2020-11-24T10:25:28","guid":{"rendered":"https:\/\/lunaribes.ch\/produit\/indonesien-schal-seidener-satin\/"},"modified":"2020-11-24T11:25:28","modified_gmt":"2020-11-24T10:25:28","slug":"indonesien-schal-seidener-satin","status":"publish","type":"product","link":"https:\/\/lunaribes.ch\/de\/produit\/indonesien-schal-seidener-satin\/","title":{"rendered":"Indonesien Schal | Seidener Satin"},"content":{"rendered":"<p>Inspiriert von den Inseln und ihrem au\u00dfergew\u00f6hnlichen Wasser. Motive, die von Sarongs und der einzigartigen Vegetation dieser Inseln inspiriert sind, mit au\u00dfergew\u00f6hnlich duftenden Blumen, die diesen zeitlosen Ort parf\u00fcmieren. Ein Schal mit frischen und eleganten Farben.  <\/p>\n","protected":false},"excerpt":{"rendered":"<table style=\"width: 100%; margin-bottom: -20px;\">\n<tbody>\n<tr>\n<td style=\"padding: 0; text-align: center; width: 25%;\">\n        <img decoding=\"async\" src=\"https:\/\/lunaribes.ch\/wp-content\/uploads\/2023\/01\/icone_FinitionMain.svg\" width=\"80\" height=\"80\" alt=\"Handgefertigte Endverarbeitung\"><\/p>\n<div style=\"color: black; font-size: 0.8em; margin: 10px 0;\">Handgefertigte Endverarbeitung<\/div>\n<\/td>\n<td style=\"padding: 0; text-align: center; width: 25%;\">\n        <img decoding=\"async\" src=\"https:\/\/lunaribes.ch\/wp-content\/uploads\/2023\/01\/icone_DesignSuisse.svg\" width=\"80\" height=\"80\" alt=\"Schweizer Design\"><\/p>\n<div style=\"color: black; font-size: 0.8em; margin: 10px 0;\">Schweizer Design<\/div>\n<\/td>\n<td style=\"padding: 0; text-align: center; width: 25%;\">\n        <img decoding=\"async\" src=\"https:\/\/lunaribes.ch\/wp-content\/uploads\/2023\/01\/icone_FaitMain.svg\" width=\"80\" height=\"80\" alt=\"Handgemacht\"><\/p>\n<div style=\"color: black; font-size: 0.8em; margin: 10px 0;\">Handgemacht<\/div>\n<\/td>\n<td style=\"padding: 0; text-align: center; width: 25%;\">\n        <img loading=\"lazy\" decoding=\"async\" src=\"https:\/\/lunaribes.ch\/wp-content\/uploads\/2023\/01\/icone_Circuitcourt.svg\" width=\"80\" height=\"80\" alt=\"Kurzer Weg\"><\/p>\n<div style=\"color: black; font-size: 0.8em; margin: 10px 0;\">Kurzer Weg<\/div>\n<\/td>\n<\/tr>\n<\/tbody>\n<\/table>\n","protected":false},"featured_media":23740,"comment_status":"closed","ping_status":"closed","template":"","meta":[],"product_brand":[],"product_cat":[374,392],"product_tag":[426],"class_list":{"0":"post-26216","1":"product","2":"type-product","3":"status-publish","4":"has-post-thumbnail","6":"product_cat-schals","7":"product_cat-seidener-satin","8":"product_tag-indonesien","10":"first","11":"instock","12":"taxable","13":"shipping-taxable","14":"purchasable","15":"product-type-simple"},"_links":{"self":[{"href":"https:\/\/lunaribes.ch\/de\/wp-json\/wp\/v2\/product\/26216","targetHints":{"allow":["GET"]}}],"collection":[{"href":"https:\/\/lunaribes.ch\/de\/wp-json\/wp\/v2\/product"}],"about":[{"href":"https:\/\/lunaribes.ch\/de\/wp-json\/wp\/v2\/types\/product"}],"replies":[{"embeddable":true,"href":"https:\/\/lunaribes.ch\/de\/wp-json\/wp\/v2\/comments?post=26216"}],"wp:featuredmedia":[{"embeddable":true,"href":"https:\/\/lunaribes.ch\/de\/wp-json\/wp\/v2\/media\/23740"}],"wp:attachment":[{"href":"https:\/\/lunaribes.ch\/de\/wp-json\/wp\/v2\/media?parent=26216"}],"wp:term":[{"taxonomy":"product_brand","embeddable":true,"href":"https:\/\/lunaribes.ch\/de\/wp-json\/wp\/v2\/product_brand?post=26216"},{"taxonomy":"product_cat","embeddable":true,"href":"https:\/\/lunaribes.ch\/de\/wp-json\/wp\/v2\/product_cat?post=26216"},{"taxonomy":"product_tag","embeddable":true,"href":"https:\/\/lunaribes.ch\/de\/wp-json\/wp\/v2\/product_tag?post=26216"}],"curies":[{"name":"wp","href":"https:\/\/api.w.org\/{rel}","templated":true}]}}