{"id":26020,"date":"2024-09-06T12:15:07","date_gmt":"2024-09-06T10:15:07","guid":{"rendered":"https:\/\/lunaribes.ch\/?post_type=product&#038;p=26020"},"modified":"2025-12-11T17:57:53","modified_gmt":"2025-12-11T16:57:53","slug":"collier-croix-avec-perles-en-pierre-de-lune","status":"publish","type":"product","link":"https:\/\/lunaribes.ch\/de\/produit\/collier-croix-avec-perles-en-pierre-de-lune\/","title":{"rendered":"Collier Croix avec perles en pierre de lune"},"content":{"rendered":"<p class=\"LC20lb MBeuO DKV0Md\">Plaqu\u00e9 or avec perles en pierre de lune et cristaux Swarovski.<br \/>\nFermoir en acier inoxydable.<\/p>\n<p><strong>Vertus de la pierre de lune<br \/>\n<\/strong>La pierre de lune est souvent associ\u00e9e \u00e0 des vertus telles que l&#8217;\u00e9quilibre \u00e9motionnel, l&#8217;intuition, l&#8217;\u00e9nergie f\u00e9minine, le sommeil et les r\u00eaves, ainsi que la protection et la chance.<\/p>\n","protected":false},"excerpt":{"rendered":"[bijou]\n","protected":false},"featured_media":26021,"comment_status":"closed","ping_status":"closed","template":"","meta":[],"product_brand":[],"product_cat":[94,98],"product_tag":[],"class_list":{"0":"post-26020","1":"product","2":"type-product","3":"status-publish","4":"has-post-thumbnail","6":"product_cat-bijoux","7":"product_cat-colliers","9":"first","10":"outofstock","11":"sold-individually","12":"taxable","13":"shipping-taxable","14":"purchasable","15":"product-type-simple"},"_links":{"self":[{"href":"https:\/\/lunaribes.ch\/de\/wp-json\/wp\/v2\/product\/26020","targetHints":{"allow":["GET"]}}],"collection":[{"href":"https:\/\/lunaribes.ch\/de\/wp-json\/wp\/v2\/product"}],"about":[{"href":"https:\/\/lunaribes.ch\/de\/wp-json\/wp\/v2\/types\/product"}],"replies":[{"embeddable":true,"href":"https:\/\/lunaribes.ch\/de\/wp-json\/wp\/v2\/comments?post=26020"}],"wp:featuredmedia":[{"embeddable":true,"href":"https:\/\/lunaribes.ch\/de\/wp-json\/wp\/v2\/media\/26021"}],"wp:attachment":[{"href":"https:\/\/lunaribes.ch\/de\/wp-json\/wp\/v2\/media?parent=26020"}],"wp:term":[{"taxonomy":"product_brand","embeddable":true,"href":"https:\/\/lunaribes.ch\/de\/wp-json\/wp\/v2\/product_brand?post=26020"},{"taxonomy":"product_cat","embeddable":true,"href":"https:\/\/lunaribes.ch\/de\/wp-json\/wp\/v2\/product_cat?post=26020"},{"taxonomy":"product_tag","embeddable":true,"href":"https:\/\/lunaribes.ch\/de\/wp-json\/wp\/v2\/product_tag?post=26020"}],"curies":[{"name":"wp","href":"https:\/\/api.w.org\/{rel}","templated":true}]}}