{"id":25984,"date":"2024-09-06T11:38:49","date_gmt":"2024-09-06T09:38:49","guid":{"rendered":"https:\/\/lunaribes.ch\/?post_type=product&#038;p=25984"},"modified":"2025-12-11T17:57:54","modified_gmt":"2025-12-11T16:57:54","slug":"bague-barrette-rouge-vert-bleu","status":"publish","type":"product","link":"https:\/\/lunaribes.ch\/de\/produit\/bague-barrette-rouge-vert-bleu\/","title":{"rendered":"Bague Barrette Rouge, Vert et Bleu"},"content":{"rendered":"<p>Luna Ribes &#8211; Bague Barrette &#8211; Plaqu\u00e9 or et peinte \u00e0 la main &#8211; La taille de la bague est adaptable \u00e0 tous les doigts.<\/p>\n","protected":false},"excerpt":{"rendered":"[bijou]\n","protected":false},"featured_media":25988,"comment_status":"closed","ping_status":"closed","template":"","meta":[],"product_brand":[],"product_cat":[410,94],"product_tag":[],"class_list":{"0":"post-25984","1":"product","2":"type-product","3":"status-publish","4":"has-post-thumbnail","6":"product_cat-bagues","7":"product_cat-bijoux","9":"first","10":"outofstock","11":"sold-individually","12":"taxable","13":"shipping-taxable","14":"purchasable","15":"product-type-simple"},"_links":{"self":[{"href":"https:\/\/lunaribes.ch\/de\/wp-json\/wp\/v2\/product\/25984","targetHints":{"allow":["GET"]}}],"collection":[{"href":"https:\/\/lunaribes.ch\/de\/wp-json\/wp\/v2\/product"}],"about":[{"href":"https:\/\/lunaribes.ch\/de\/wp-json\/wp\/v2\/types\/product"}],"replies":[{"embeddable":true,"href":"https:\/\/lunaribes.ch\/de\/wp-json\/wp\/v2\/comments?post=25984"}],"wp:featuredmedia":[{"embeddable":true,"href":"https:\/\/lunaribes.ch\/de\/wp-json\/wp\/v2\/media\/25988"}],"wp:attachment":[{"href":"https:\/\/lunaribes.ch\/de\/wp-json\/wp\/v2\/media?parent=25984"}],"wp:term":[{"taxonomy":"product_brand","embeddable":true,"href":"https:\/\/lunaribes.ch\/de\/wp-json\/wp\/v2\/product_brand?post=25984"},{"taxonomy":"product_cat","embeddable":true,"href":"https:\/\/lunaribes.ch\/de\/wp-json\/wp\/v2\/product_cat?post=25984"},{"taxonomy":"product_tag","embeddable":true,"href":"https:\/\/lunaribes.ch\/de\/wp-json\/wp\/v2\/product_tag?post=25984"}],"curies":[{"name":"wp","href":"https:\/\/api.w.org\/{rel}","templated":true}]}}