{"id":25980,"date":"2024-09-06T11:37:41","date_gmt":"2024-09-06T09:37:41","guid":{"rendered":"https:\/\/lunaribes.ch\/?post_type=product&#038;p=25980"},"modified":"2025-12-11T17:57:54","modified_gmt":"2025-12-11T16:57:54","slug":"bague-barrette-bleu-turquoise","status":"publish","type":"product","link":"https:\/\/lunaribes.ch\/de\/produit\/bague-barrette-bleu-turquoise\/","title":{"rendered":"Bague Barrette Bleu Turquoise"},"content":{"rendered":"<p>Luna Ribes &#8211; Bague Barrette &#8211; Plaqu\u00e9 or et peinte \u00e0 la main &#8211; La taille de la bague est adaptable \u00e0 tous les doigts.<\/p>\n","protected":false},"excerpt":{"rendered":"[bijou]\n","protected":false},"featured_media":25977,"comment_status":"closed","ping_status":"closed","template":"","meta":[],"product_brand":[],"product_cat":[410,94],"product_tag":[],"class_list":{"0":"post-25980","1":"product","2":"type-product","3":"status-publish","4":"has-post-thumbnail","6":"product_cat-bagues","7":"product_cat-bijoux","9":"first","10":"outofstock","11":"sold-individually","12":"taxable","13":"shipping-taxable","14":"purchasable","15":"product-type-simple"},"_links":{"self":[{"href":"https:\/\/lunaribes.ch\/de\/wp-json\/wp\/v2\/product\/25980","targetHints":{"allow":["GET"]}}],"collection":[{"href":"https:\/\/lunaribes.ch\/de\/wp-json\/wp\/v2\/product"}],"about":[{"href":"https:\/\/lunaribes.ch\/de\/wp-json\/wp\/v2\/types\/product"}],"replies":[{"embeddable":true,"href":"https:\/\/lunaribes.ch\/de\/wp-json\/wp\/v2\/comments?post=25980"}],"wp:featuredmedia":[{"embeddable":true,"href":"https:\/\/lunaribes.ch\/de\/wp-json\/wp\/v2\/media\/25977"}],"wp:attachment":[{"href":"https:\/\/lunaribes.ch\/de\/wp-json\/wp\/v2\/media?parent=25980"}],"wp:term":[{"taxonomy":"product_brand","embeddable":true,"href":"https:\/\/lunaribes.ch\/de\/wp-json\/wp\/v2\/product_brand?post=25980"},{"taxonomy":"product_cat","embeddable":true,"href":"https:\/\/lunaribes.ch\/de\/wp-json\/wp\/v2\/product_cat?post=25980"},{"taxonomy":"product_tag","embeddable":true,"href":"https:\/\/lunaribes.ch\/de\/wp-json\/wp\/v2\/product_tag?post=25980"}],"curies":[{"name":"wp","href":"https:\/\/api.w.org\/{rel}","templated":true}]}}